{"id":63,"date":"2023-03-20T20:28:02","date_gmt":"2023-03-20T20:28:02","guid":{"rendered":"http:\/\/petrea.art.br\/?page_id=63"},"modified":"2023-10-11T18:28:23","modified_gmt":"2023-10-11T18:28:23","slug":"sobre","status":"publish","type":"page","link":"https:\/\/petrea.art.br\/en\/","title":{"rendered":"PETREA"},"content":{"rendered":"<p><strong>Made of Stone. Immutable. Eternal.<\/strong>.<\/p>\n\n\n\n<p>Na era em que vivemos, onde tudo \u00e9 ef\u00eamero, existem momentos que gostar\u00edamos de congelar, perpetuar, o que \u00e0s vezes, s\u00f3 \u00e9 poss\u00edvel nas mem\u00f3rias. PETREA \u00e9 especializada em esculpir o tempo, espelhar um instante em objeto palp\u00e1vel, dar vida \u00e0 mat\u00e9ria s\u00f3lida e transform\u00e1-la em arte.<\/p>\n\n\n\n<p>We create personalized three-dimensional replicas, of the hands of adults and children, of the hands and feet of babies, and transform them into works of art produced in liquid marble based on natural stone. The technique used is molding, capable of reproducing the richness of skin details.<\/p>\n\n\n\n<p>Each PETREA work of art is signed by FUZJA STUDIO specialized in sculptural art, located in Brasilia.<\/p>","protected":false},"excerpt":{"rendered":"<p>Feita de pedra. Imut\u00e1vel. Eterna. Na era em que vivemos, onde tudo \u00e9 ef\u00eamero, existem momentos que gostar\u00edamos de congelar, perpetuar, o que \u00e0s vezes, s\u00f3 \u00e9 poss\u00edvel nas mem\u00f3rias. PETREA \u00e9 especializada em esculpir o tempo, espelhar um instante em objeto palp\u00e1vel, dar vida \u00e0 mat\u00e9ria s\u00f3lida e transform\u00e1-la em arte. Criamos r\u00e9plicas tridimensionais &hellip; <\/p>\n<p class=\"link-more\"><a href=\"https:\/\/petrea.art.br\/en\/\" class=\"more-link\">Continue reading<span class=\"screen-reader-text\"> &#8220;PETREA&#8221;<\/span><\/a><\/p>","protected":false},"author":1,"featured_media":96,"parent":0,"menu_order":1,"comment_status":"closed","ping_status":"closed","template":"","meta":{"nf_dc_page":"","_eb_attr":"","footnotes":""},"class_list":["post-63","page","type-page","status-publish","has-post-thumbnail","hentry"],"_links":{"self":[{"href":"https:\/\/petrea.art.br\/en\/wp-json\/wp\/v2\/pages\/63","targetHints":{"allow":["GET"]}}],"collection":[{"href":"https:\/\/petrea.art.br\/en\/wp-json\/wp\/v2\/pages"}],"about":[{"href":"https:\/\/petrea.art.br\/en\/wp-json\/wp\/v2\/types\/page"}],"author":[{"embeddable":true,"href":"https:\/\/petrea.art.br\/en\/wp-json\/wp\/v2\/users\/1"}],"replies":[{"embeddable":true,"href":"https:\/\/petrea.art.br\/en\/wp-json\/wp\/v2\/comments?post=63"}],"version-history":[{"count":4,"href":"https:\/\/petrea.art.br\/en\/wp-json\/wp\/v2\/pages\/63\/revisions"}],"predecessor-version":[{"id":459,"href":"https:\/\/petrea.art.br\/en\/wp-json\/wp\/v2\/pages\/63\/revisions\/459"}],"wp:featuredmedia":[{"embeddable":true,"href":"https:\/\/petrea.art.br\/en\/wp-json\/wp\/v2\/media\/96"}],"wp:attachment":[{"href":"https:\/\/petrea.art.br\/en\/wp-json\/wp\/v2\/media?parent=63"}],"curies":[{"name":"wp","href":"https:\/\/api.w.org\/{rel}","templated":true}]}}